{"id":736,"date":"2024-07-30T13:05:00","date_gmt":"2024-07-30T11:05:00","guid":{"rendered":"https:\/\/restaurantninus.es\/blog\/"},"modified":"2024-07-31T09:49:08","modified_gmt":"2024-07-31T07:49:08","slug":"blog","status":"publish","type":"page","link":"https:\/\/restaurantninus.es\/ca\/blog\/","title":{"rendered":"Blog"},"content":{"rendered":"<style>.kb-row-layout-id656_138e1b-ed > .kt-row-column-wrap{align-content:start;}:where(.kb-row-layout-id656_138e1b-ed > .kt-row-column-wrap) > .wp-block-kadence-column{justify-content:start;}.kb-row-layout-id656_138e1b-ed > .kt-row-column-wrap{column-gap:var(--global-kb-gap-md, 2rem);row-gap:var(--global-kb-gap-md, 2rem);padding-top:var(--global-kb-spacing-sm, 1.5rem);padding-bottom:var(--global-kb-spacing-sm, 1.5rem);grid-template-columns:minmax(0, 1fr);}.kb-row-layout-id656_138e1b-ed > .kt-row-layout-overlay{opacity:0.30;}@media all and (max-width: 1024px){.kb-row-layout-id656_138e1b-ed > .kt-row-column-wrap{grid-template-columns:minmax(0, 1fr);}}@media all and (max-width: 767px){.kb-row-layout-id656_138e1b-ed > .kt-row-column-wrap{grid-template-columns:minmax(0, 1fr);}}<\/style><div class=\"kb-row-layout-wrap kb-row-layout-id656_138e1b-ed alignnone wp-block-kadence-rowlayout\"><div class=\"kt-row-column-wrap kt-has-1-columns kt-row-layout-equal kt-tab-layout-inherit kt-mobile-layout-row kt-row-valign-top\">\n<style>.kadence-column656_ddf482-19 > .kt-inside-inner-col,.kadence-column656_ddf482-19 > .kt-inside-inner-col:before{border-top-left-radius:0px;border-top-right-radius:0px;border-bottom-right-radius:0px;border-bottom-left-radius:0px;}.kadence-column656_ddf482-19 > .kt-inside-inner-col{column-gap:var(--global-kb-gap-sm, 1rem);}.kadence-column656_ddf482-19 > .kt-inside-inner-col{flex-direction:column;}.kadence-column656_ddf482-19 > .kt-inside-inner-col > .aligncenter{width:100%;}.kadence-column656_ddf482-19 > .kt-inside-inner-col:before{opacity:0.3;}.kadence-column656_ddf482-19{position:relative;}@media all and (max-width: 1024px){.kadence-column656_ddf482-19 > .kt-inside-inner-col{flex-direction:column;justify-content:center;}}@media all and (max-width: 767px){.kadence-column656_ddf482-19 > .kt-inside-inner-col{flex-direction:column;justify-content:center;}}<\/style>\n<div class=\"wp-block-kadence-column kadence-column656_ddf482-19\"><div class=\"kt-inside-inner-col\"><style>.wp-block-kadence-advancedheading.kt-adv-heading656_54fd94-1b, .wp-block-kadence-advancedheading.kt-adv-heading656_54fd94-1b[data-kb-block=\"kb-adv-heading656_54fd94-1b\"]{text-align:center;font-size:56px;line-height:1;font-style:normal;}.wp-block-kadence-advancedheading.kt-adv-heading656_54fd94-1b mark.kt-highlight, .wp-block-kadence-advancedheading.kt-adv-heading656_54fd94-1b[data-kb-block=\"kb-adv-heading656_54fd94-1b\"] mark.kt-highlight{font-style:normal;color:#f76a0c;-webkit-box-decoration-break:clone;box-decoration-break:clone;padding-top:0px;padding-right:0px;padding-bottom:0px;padding-left:0px;}.wp-block-kadence-advancedheading.kt-adv-heading656_54fd94-1b img.kb-inline-image, .wp-block-kadence-advancedheading.kt-adv-heading656_54fd94-1b[data-kb-block=\"kb-adv-heading656_54fd94-1b\"] img.kb-inline-image{width:150px;vertical-align:baseline;}<\/style>\n<h1 class=\"kt-adv-heading656_54fd94-1b wp-block-kadence-advancedheading\" data-kb-block=\"kb-adv-heading656_54fd94-1b\">Blog<\/h1>\n\n\n<style>.wp-block-kadence-advancedheading.kt-adv-heading656_63898e-82, .wp-block-kadence-advancedheading.kt-adv-heading656_63898e-82[data-kb-block=\"kb-adv-heading656_63898e-82\"]{text-align:center;font-size:20px;line-height:1.5;font-style:normal;}.wp-block-kadence-advancedheading.kt-adv-heading656_63898e-82 mark.kt-highlight, .wp-block-kadence-advancedheading.kt-adv-heading656_63898e-82[data-kb-block=\"kb-adv-heading656_63898e-82\"] mark.kt-highlight{font-style:normal;color:#f76a0c;-webkit-box-decoration-break:clone;box-decoration-break:clone;padding-top:0px;padding-right:0px;padding-bottom:0px;padding-left:0px;}.wp-block-kadence-advancedheading.kt-adv-heading656_63898e-82 img.kb-inline-image, .wp-block-kadence-advancedheading.kt-adv-heading656_63898e-82[data-kb-block=\"kb-adv-heading656_63898e-82\"] img.kb-inline-image{width:150px;vertical-align:baseline;}<\/style>\n<h2 class=\"kt-adv-heading656_63898e-82 wp-block-kadence-advancedheading has-theme-palette-3-color has-text-color\" data-kb-block=\"kb-adv-heading656_63898e-82\">Consells, esdeveniments, not\u00edcies&#8230; Tot el que necessites per estar al dia amb aquest blog.<\/h2>\n<\/div><\/div>\n\n<\/div><\/div><style>.kb-posts-id-656_bc1969-22 .kb-post-list-item{display:grid;}<\/style><ul class=\"wp-block-kadence-posts kb-posts kadence-posts-list kb-posts-id-656_bc1969-22 content-wrap grid-cols kb-posts-style-boxed grid-sm-col-2 grid-lg-col-3 item-image-style-above\"><li class=\"kb-post-list-item\">\n\t<article class=\"entry content-bg loop-entry post-745 post type-post status-publish format-standard hentry category-consells category-salut\">\n\t\t\t\t<div class=\"entry-content-wrap\">\n\t\t\t<header class=\"entry-header\">\n\t\t<div class=\"entry-taxonomies\">\n\t\t<span class=\"category-links term-links category-style-normal\">\n\t\t\t<a href=\"https:\/\/restaurantninus.es\/ca\/category\/consells\/\" class=\"category-link-consells\" rel=\"tag\">Consells<\/a> | <a href=\"https:\/\/restaurantninus.es\/ca\/category\/salut\/\" class=\"category-link-salut\" rel=\"tag\">Salut<\/a>\t\t<\/span>\n\t<\/div><!-- .entry-taxonomies -->\n\t<h2 class=\"entry-title\"><a href=\"https:\/\/restaurantninus.es\/ca\/cuina-amb-productes-locals-avantatges-i-inconvenients\/\" rel=\"bookmark\">Cuina amb Productes Locals: Avantatges i Inconvenients<\/a><\/h2>\t<div class=\"entry-meta entry-meta-divider-dot\">\n\t\t\t\t<span class=\"posted-on\">\n\t\t\t\t<time class=\"entry-date published\" datetime=\"2024-06-10T09:38:51+02:00\">10\/06\/2024<\/time><time class=\"updated\" datetime=\"2024-07-31T10:33:54+02:00\">31\/07\/2024<\/time>\t\t\t<\/span>\n\t\t\t\t<\/div><!-- .entry-meta -->\n\t<\/header><!-- .entry-header -->\n\t<div class=\"entry-summary\">\n\t\t<p>Cuina amb Productes Locals: Avantatges i Inconvenients La Cuina amb&#8230;<\/p>\n\t<\/div><!-- .entry-summary -->\n\t<footer class=\"entry-footer\">\n\t\t\t<div class=\"entry-actions\">\n\t\t\t<p class=\"more-link-wrap\">\n\t\t\t\t<a href=\"https:\/\/restaurantninus.es\/ca\/cuina-amb-productes-locals-avantatges-i-inconvenients\/\" class=\"post-more-link\">\n\t\t\t\t\tRead More<span class=\"screen-reader-text\"> Cuina amb Productes Locals: Avantatges i Inconvenients<\/span><span class=\"kadence-svg-iconset svg-baseline\"><svg aria-hidden=\"true\" class=\"kadence-svg-icon kadence-arrow-right-alt-svg\" fill=\"currentColor\" version=\"1.1\" xmlns=\"http:\/\/www.w3.org\/2000\/svg\" width=\"27\" height=\"28\" viewBox=\"0 0 27 28\"><title>Continue<\/title><path d=\"M27 13.953c0 0.141-0.063 0.281-0.156 0.375l-6 5.531c-0.156 0.141-0.359 0.172-0.547 0.094-0.172-0.078-0.297-0.25-0.297-0.453v-3.5h-19.5c-0.281 0-0.5-0.219-0.5-0.5v-3c0-0.281 0.219-0.5 0.5-0.5h19.5v-3.5c0-0.203 0.109-0.375 0.297-0.453s0.391-0.047 0.547 0.078l6 5.469c0.094 0.094 0.156 0.219 0.156 0.359v0z\"><\/path>\n\t\t\t<\/svg><\/span>\t\t\t\t<\/a>\n\t\t\t<\/p>\n\t\t<\/div><!-- .entry-actions -->\n\t\t<\/footer><!-- .entry-footer -->\t\t<\/div>\n\t<\/article>\n<\/li>\n<li class=\"kb-post-list-item\">\n\t<article class=\"entry content-bg loop-entry post-743 post type-post status-publish format-standard hentry category-plats category-receptes\">\n\t\t\t\t<div class=\"entry-content-wrap\">\n\t\t\t<header class=\"entry-header\">\n\t\t<div class=\"entry-taxonomies\">\n\t\t<span class=\"category-links term-links category-style-normal\">\n\t\t\t<a href=\"https:\/\/restaurantninus.es\/ca\/category\/plats\/\" class=\"category-link-plats\" rel=\"tag\">Plats<\/a> | <a href=\"https:\/\/restaurantninus.es\/ca\/category\/receptes\/\" class=\"category-link-receptes\" rel=\"tag\">Receptes<\/a>\t\t<\/span>\n\t<\/div><!-- .entry-taxonomies -->\n\t<h2 class=\"entry-title\"><a href=\"https:\/\/restaurantninus.es\/ca\/coneixes-lorigen-del-pastis-de-formatge\/\" rel=\"bookmark\">Coneixes l&#8217;Origen del Past\u00eds de Formatge?<\/a><\/h2>\t<div class=\"entry-meta entry-meta-divider-dot\">\n\t\t\t\t<span class=\"posted-on\">\n\t\t\t\t<time class=\"entry-date published\" datetime=\"2024-06-05T09:23:17+02:00\">05\/06\/2024<\/time><time class=\"updated\" datetime=\"2024-07-31T10:05:49+02:00\">31\/07\/2024<\/time>\t\t\t<\/span>\n\t\t\t\t<\/div><!-- .entry-meta -->\n\t<\/header><!-- .entry-header -->\n\t<div class=\"entry-summary\">\n\t\t<p>Coneixes l&#8217;Origen del Past\u00eds de Formatge? La Hist\u00f2ria del Past\u00eds&#8230;<\/p>\n\t<\/div><!-- .entry-summary -->\n\t<footer class=\"entry-footer\">\n\t\t\t<div class=\"entry-actions\">\n\t\t\t<p class=\"more-link-wrap\">\n\t\t\t\t<a href=\"https:\/\/restaurantninus.es\/ca\/coneixes-lorigen-del-pastis-de-formatge\/\" class=\"post-more-link\">\n\t\t\t\t\tRead More<span class=\"screen-reader-text\"> Coneixes l&#8217;Origen del Past\u00eds de Formatge?<\/span><span class=\"kadence-svg-iconset svg-baseline\"><svg aria-hidden=\"true\" class=\"kadence-svg-icon kadence-arrow-right-alt-svg\" fill=\"currentColor\" version=\"1.1\" xmlns=\"http:\/\/www.w3.org\/2000\/svg\" width=\"27\" height=\"28\" viewBox=\"0 0 27 28\"><title>Continue<\/title><path d=\"M27 13.953c0 0.141-0.063 0.281-0.156 0.375l-6 5.531c-0.156 0.141-0.359 0.172-0.547 0.094-0.172-0.078-0.297-0.25-0.297-0.453v-3.5h-19.5c-0.281 0-0.5-0.219-0.5-0.5v-3c0-0.281 0.219-0.5 0.5-0.5h19.5v-3.5c0-0.203 0.109-0.375 0.297-0.453s0.391-0.047 0.547 0.078l6 5.469c0.094 0.094 0.156 0.219 0.156 0.359v0z\"><\/path>\n\t\t\t<\/svg><\/span>\t\t\t\t<\/a>\n\t\t\t<\/p>\n\t\t<\/div><!-- .entry-actions -->\n\t\t<\/footer><!-- .entry-footer -->\t\t<\/div>\n\t<\/article>\n<\/li>\n<li class=\"kb-post-list-item\">\n\t<article class=\"entry content-bg loop-entry post-741 post type-post status-publish format-standard hentry category-plats category-receptes\">\n\t\t\t\t<div class=\"entry-content-wrap\">\n\t\t\t<header class=\"entry-header\">\n\t\t<div class=\"entry-taxonomies\">\n\t\t<span class=\"category-links term-links category-style-normal\">\n\t\t\t<a href=\"https:\/\/restaurantninus.es\/ca\/category\/plats\/\" class=\"category-link-plats\" rel=\"tag\">Plats<\/a> | <a href=\"https:\/\/restaurantninus.es\/ca\/category\/receptes\/\" class=\"category-link-receptes\" rel=\"tag\">Receptes<\/a>\t\t<\/span>\n\t<\/div><!-- .entry-taxonomies -->\n\t<h2 class=\"entry-title\"><a href=\"https:\/\/restaurantninus.es\/ca\/croquetes-casolanes-de-ninus\/\" rel=\"bookmark\">Croquetes Casolanes de NiNus<\/a><\/h2>\t<div class=\"entry-meta entry-meta-divider-dot\">\n\t\t\t\t<span class=\"posted-on\">\n\t\t\t\t<time class=\"entry-date published\" datetime=\"2024-05-30T13:52:14+02:00\">30\/05\/2024<\/time><time class=\"updated\" datetime=\"2024-07-31T09:59:55+02:00\">31\/07\/2024<\/time>\t\t\t<\/span>\n\t\t\t\t<\/div><!-- .entry-meta -->\n\t<\/header><!-- .entry-header -->\n\t<div class=\"entry-summary\">\n\t\t<p>Croquetes Casolanes de NiNus Croquetes casolanes: Tradici\u00f3 i Eleg\u00e0ncia a&#8230;<\/p>\n\t<\/div><!-- .entry-summary -->\n\t<footer class=\"entry-footer\">\n\t\t\t<div class=\"entry-actions\">\n\t\t\t<p class=\"more-link-wrap\">\n\t\t\t\t<a href=\"https:\/\/restaurantninus.es\/ca\/croquetes-casolanes-de-ninus\/\" class=\"post-more-link\">\n\t\t\t\t\tRead More<span class=\"screen-reader-text\"> Croquetes Casolanes de NiNus<\/span><span class=\"kadence-svg-iconset svg-baseline\"><svg aria-hidden=\"true\" class=\"kadence-svg-icon kadence-arrow-right-alt-svg\" fill=\"currentColor\" version=\"1.1\" xmlns=\"http:\/\/www.w3.org\/2000\/svg\" width=\"27\" height=\"28\" viewBox=\"0 0 27 28\"><title>Continue<\/title><path d=\"M27 13.953c0 0.141-0.063 0.281-0.156 0.375l-6 5.531c-0.156 0.141-0.359 0.172-0.547 0.094-0.172-0.078-0.297-0.25-0.297-0.453v-3.5h-19.5c-0.281 0-0.5-0.219-0.5-0.5v-3c0-0.281 0.219-0.5 0.5-0.5h19.5v-3.5c0-0.203 0.109-0.375 0.297-0.453s0.391-0.047 0.547 0.078l6 5.469c0.094 0.094 0.156 0.219 0.156 0.359v0z\"><\/path>\n\t\t\t<\/svg><\/span>\t\t\t\t<\/a>\n\t\t\t<\/p>\n\t\t<\/div><!-- .entry-actions -->\n\t\t<\/footer><!-- .entry-footer -->\t\t<\/div>\n\t<\/article>\n<\/li>\n<li class=\"kb-post-list-item\">\n\t<article class=\"entry content-bg loop-entry post-739 post type-post status-publish format-standard hentry category-plats category-receptes\">\n\t\t\t\t<div class=\"entry-content-wrap\">\n\t\t\t<header class=\"entry-header\">\n\t\t<div class=\"entry-taxonomies\">\n\t\t<span class=\"category-links term-links category-style-normal\">\n\t\t\t<a href=\"https:\/\/restaurantninus.es\/ca\/category\/plats\/\" class=\"category-link-plats\" rel=\"tag\">Plats<\/a> | <a href=\"https:\/\/restaurantninus.es\/ca\/category\/receptes\/\" class=\"category-link-receptes\" rel=\"tag\">Receptes<\/a>\t\t<\/span>\n\t<\/div><!-- .entry-taxonomies -->\n\t<h2 class=\"entry-title\"><a href=\"https:\/\/restaurantninus.es\/ca\/historia-i-beneficis-del-gaspatxo\/\" rel=\"bookmark\">Hist\u00f2ria i Beneficis del Gaspatxo<\/a><\/h2>\t<div class=\"entry-meta entry-meta-divider-dot\">\n\t\t\t\t<span class=\"posted-on\">\n\t\t\t\t<time class=\"entry-date published\" datetime=\"2024-05-25T13:36:29+02:00\">25\/05\/2024<\/time><time class=\"updated\" datetime=\"2024-07-31T09:54:41+02:00\">31\/07\/2024<\/time>\t\t\t<\/span>\n\t\t\t\t<\/div><!-- .entry-meta -->\n\t<\/header><!-- .entry-header -->\n\t<div class=\"entry-summary\">\n\t\t<p>Hist\u00f2ria i Beneficis del Gaspatxo El Gaspatxo: Un Plat Tradicional&#8230;<\/p>\n\t<\/div><!-- .entry-summary -->\n\t<footer class=\"entry-footer\">\n\t\t\t<div class=\"entry-actions\">\n\t\t\t<p class=\"more-link-wrap\">\n\t\t\t\t<a href=\"https:\/\/restaurantninus.es\/ca\/historia-i-beneficis-del-gaspatxo\/\" class=\"post-more-link\">\n\t\t\t\t\tRead More<span class=\"screen-reader-text\"> Hist\u00f2ria i Beneficis del Gaspatxo<\/span><span class=\"kadence-svg-iconset svg-baseline\"><svg aria-hidden=\"true\" class=\"kadence-svg-icon kadence-arrow-right-alt-svg\" fill=\"currentColor\" version=\"1.1\" xmlns=\"http:\/\/www.w3.org\/2000\/svg\" width=\"27\" height=\"28\" viewBox=\"0 0 27 28\"><title>Continue<\/title><path d=\"M27 13.953c0 0.141-0.063 0.281-0.156 0.375l-6 5.531c-0.156 0.141-0.359 0.172-0.547 0.094-0.172-0.078-0.297-0.25-0.297-0.453v-3.5h-19.5c-0.281 0-0.5-0.219-0.5-0.5v-3c0-0.281 0.219-0.5 0.5-0.5h19.5v-3.5c0-0.203 0.109-0.375 0.297-0.453s0.391-0.047 0.547 0.078l6 5.469c0.094 0.094 0.156 0.219 0.156 0.359v0z\"><\/path>\n\t\t\t<\/svg><\/span>\t\t\t\t<\/a>\n\t\t\t<\/p>\n\t\t<\/div><!-- .entry-actions -->\n\t\t<\/footer><!-- .entry-footer -->\t\t<\/div>\n\t<\/article>\n<\/li>\n<li class=\"kb-post-list-item\">\n\t<article class=\"entry content-bg loop-entry post-705 post type-post status-publish format-standard hentry category-consells category-salut\">\n\t\t\t\t<div class=\"entry-content-wrap\">\n\t\t\t<header class=\"entry-header\">\n\t\t<div class=\"entry-taxonomies\">\n\t\t<span class=\"category-links term-links category-style-normal\">\n\t\t\t<a href=\"https:\/\/restaurantninus.es\/ca\/category\/consells\/\" class=\"category-link-consells\" rel=\"tag\">Consells<\/a> | <a href=\"https:\/\/restaurantninus.es\/ca\/category\/salut\/\" class=\"category-link-salut\" rel=\"tag\">Salut<\/a>\t\t<\/span>\n\t<\/div><!-- .entry-taxonomies -->\n\t<h2 class=\"entry-title\"><a href=\"https:\/\/restaurantninus.es\/ca\/avantatges-de-menjar-sa-al-restaurant-ninus\/\" rel=\"bookmark\">Avantatges de Menjar Sa al Restaurant NiNus<\/a><\/h2>\t<div class=\"entry-meta entry-meta-divider-dot\">\n\t\t\t\t<span class=\"posted-on\">\n\t\t\t\t<time class=\"entry-date published\" datetime=\"2024-05-20T13:19:44+02:00\">20\/05\/2024<\/time><time class=\"updated\" datetime=\"2024-07-30T14:03:16+02:00\">30\/07\/2024<\/time>\t\t\t<\/span>\n\t\t\t\t<\/div><!-- .entry-meta -->\n\t<\/header><!-- .entry-header -->\n\t<div class=\"entry-summary\">\n\t\t<p>Avantatges de Menjar Sa al Restaurant NiNus Menjar sa a&#8230;<\/p>\n\t<\/div><!-- .entry-summary -->\n\t<footer class=\"entry-footer\">\n\t\t\t<div class=\"entry-actions\">\n\t\t\t<p class=\"more-link-wrap\">\n\t\t\t\t<a href=\"https:\/\/restaurantninus.es\/ca\/avantatges-de-menjar-sa-al-restaurant-ninus\/\" class=\"post-more-link\">\n\t\t\t\t\tRead More<span class=\"screen-reader-text\"> Avantatges de Menjar Sa al Restaurant NiNus<\/span><span class=\"kadence-svg-iconset svg-baseline\"><svg aria-hidden=\"true\" class=\"kadence-svg-icon kadence-arrow-right-alt-svg\" fill=\"currentColor\" version=\"1.1\" xmlns=\"http:\/\/www.w3.org\/2000\/svg\" width=\"27\" height=\"28\" viewBox=\"0 0 27 28\"><title>Continue<\/title><path d=\"M27 13.953c0 0.141-0.063 0.281-0.156 0.375l-6 5.531c-0.156 0.141-0.359 0.172-0.547 0.094-0.172-0.078-0.297-0.25-0.297-0.453v-3.5h-19.5c-0.281 0-0.5-0.219-0.5-0.5v-3c0-0.281 0.219-0.5 0.5-0.5h19.5v-3.5c0-0.203 0.109-0.375 0.297-0.453s0.391-0.047 0.547 0.078l6 5.469c0.094 0.094 0.156 0.219 0.156 0.359v0z\"><\/path>\n\t\t\t<\/svg><\/span>\t\t\t\t<\/a>\n\t\t\t<\/p>\n\t\t<\/div><!-- .entry-actions -->\n\t\t<\/footer><!-- .entry-footer -->\t\t<\/div>\n\t<\/article>\n<\/li>\n<li class=\"kb-post-list-item\">\n\t<article class=\"entry content-bg loop-entry post-734 post type-post status-publish format-standard hentry category-ninus-ca category-noticies\">\n\t\t\t\t<div class=\"entry-content-wrap\">\n\t\t\t<header class=\"entry-header\">\n\t\t<div class=\"entry-taxonomies\">\n\t\t<span class=\"category-links term-links category-style-normal\">\n\t\t\t<a href=\"https:\/\/restaurantninus.es\/ca\/category\/ninus-ca\/\" class=\"category-link-ninus-ca\" rel=\"tag\">NiNus<\/a> | <a href=\"https:\/\/restaurantninus.es\/ca\/category\/noticies\/\" class=\"category-link-noticies\" rel=\"tag\">Not\u00edcies<\/a>\t\t<\/span>\n\t<\/div><!-- .entry-taxonomies -->\n\t<h2 class=\"entry-title\"><a href=\"https:\/\/restaurantninus.es\/ca\/menjar-de-proximitat-a-esplugues-de-llobregat\/\" rel=\"bookmark\">Menjar de proximitat a Esplugues de Llobregat<\/a><\/h2>\t<div class=\"entry-meta entry-meta-divider-dot\">\n\t\t\t\t<span class=\"posted-on\">\n\t\t\t\t<time class=\"entry-date published\" datetime=\"2024-05-15T13:03:57+02:00\">15\/05\/2024<\/time><time class=\"updated\" datetime=\"2024-07-31T09:47:30+02:00\">31\/07\/2024<\/time>\t\t\t<\/span>\n\t\t\t\t<\/div><!-- .entry-meta -->\n\t<\/header><!-- .entry-header -->\n\t<div class=\"entry-summary\">\n\t\t<p>Dinar de proximitat a Esplugues de Llobregat Una experi\u00e8ncia culin\u00e0ria&#8230;<\/p>\n\t<\/div><!-- .entry-summary -->\n\t<footer class=\"entry-footer\">\n\t\t\t<div class=\"entry-actions\">\n\t\t\t<p class=\"more-link-wrap\">\n\t\t\t\t<a href=\"https:\/\/restaurantninus.es\/ca\/menjar-de-proximitat-a-esplugues-de-llobregat\/\" class=\"post-more-link\">\n\t\t\t\t\tRead More<span class=\"screen-reader-text\"> Menjar de proximitat a Esplugues de Llobregat<\/span><span class=\"kadence-svg-iconset svg-baseline\"><svg aria-hidden=\"true\" class=\"kadence-svg-icon kadence-arrow-right-alt-svg\" fill=\"currentColor\" version=\"1.1\" xmlns=\"http:\/\/www.w3.org\/2000\/svg\" width=\"27\" height=\"28\" viewBox=\"0 0 27 28\"><title>Continue<\/title><path d=\"M27 13.953c0 0.141-0.063 0.281-0.156 0.375l-6 5.531c-0.156 0.141-0.359 0.172-0.547 0.094-0.172-0.078-0.297-0.25-0.297-0.453v-3.5h-19.5c-0.281 0-0.5-0.219-0.5-0.5v-3c0-0.281 0.219-0.5 0.5-0.5h19.5v-3.5c0-0.203 0.109-0.375 0.297-0.453s0.391-0.047 0.547 0.078l6 5.469c0.094 0.094 0.156 0.219 0.156 0.359v0z\"><\/path>\n\t\t\t<\/svg><\/span>\t\t\t\t<\/a>\n\t\t\t<\/p>\n\t\t<\/div><!-- .entry-actions -->\n\t\t<\/footer><!-- .entry-footer -->\t\t<\/div>\n\t<\/article>\n<\/li>\n<\/ul>","protected":false},"excerpt":{"rendered":"<p>Blog Consells, esdeveniments, not\u00edcies&#8230; Tot el que necessites per estar al dia amb aquest blog.<\/p>\n","protected":false},"author":1,"featured_media":0,"parent":0,"menu_order":0,"comment_status":"closed","ping_status":"closed","template":"","meta":{"_acf_changed":false,"_kad_blocks_custom_css":"","_kad_blocks_head_custom_js":"","_kad_blocks_body_custom_js":"","_kad_blocks_footer_custom_js":"","_kad_post_transparent":"","_kad_post_title":"hide","_kad_post_layout":"","_kad_post_sidebar_id":"","_kad_post_content_style":"unboxed","_kad_post_vertical_padding":"","_kad_post_feature":"","_kad_post_feature_position":"","_kad_post_header":false,"_kad_post_footer":false,"_kad_post_classname":"","footnotes":""},"class_list":["post-736","page","type-page","status-publish","hentry"],"acf":[],"taxonomy_info":[],"featured_image_src_large":false,"author_info":{"display_name":"admin","author_link":"https:\/\/restaurantninus.es\/ca\/author\/empiezapori\/"},"comment_info":0,"_links":{"self":[{"href":"https:\/\/restaurantninus.es\/ca\/wp-json\/wp\/v2\/pages\/736","targetHints":{"allow":["GET"]}}],"collection":[{"href":"https:\/\/restaurantninus.es\/ca\/wp-json\/wp\/v2\/pages"}],"about":[{"href":"https:\/\/restaurantninus.es\/ca\/wp-json\/wp\/v2\/types\/page"}],"author":[{"embeddable":true,"href":"https:\/\/restaurantninus.es\/ca\/wp-json\/wp\/v2\/users\/1"}],"replies":[{"embeddable":true,"href":"https:\/\/restaurantninus.es\/ca\/wp-json\/wp\/v2\/comments?post=736"}],"version-history":[{"count":2,"href":"https:\/\/restaurantninus.es\/ca\/wp-json\/wp\/v2\/pages\/736\/revisions"}],"predecessor-version":[{"id":738,"href":"https:\/\/restaurantninus.es\/ca\/wp-json\/wp\/v2\/pages\/736\/revisions\/738"}],"wp:attachment":[{"href":"https:\/\/restaurantninus.es\/ca\/wp-json\/wp\/v2\/media?parent=736"}],"curies":[{"name":"wp","href":"https:\/\/api.w.org\/{rel}","templated":true}]}}