{"id":615,"date":"2024-07-24T13:37:42","date_gmt":"2024-07-24T11:37:42","guid":{"rendered":"https:\/\/restaurantninus.es\/politica-de-privadesa\/"},"modified":"2024-07-24T13:54:42","modified_gmt":"2024-07-24T11:54:42","slug":"politica-de-privadesa","status":"publish","type":"page","link":"https:\/\/restaurantninus.es\/ca\/politica-de-privadesa\/","title":{"rendered":"Pol\u00edtica de privadesa"},"content":{"rendered":"<style>.kb-row-layout-id611_2649b4-e9 > .kt-row-column-wrap{align-content:start;}:where(.kb-row-layout-id611_2649b4-e9 > .kt-row-column-wrap) > .wp-block-kadence-column{justify-content:start;}.kb-row-layout-id611_2649b4-e9 > .kt-row-column-wrap{column-gap:var(--global-kb-gap-md, 2rem);row-gap:var(--global-kb-gap-md, 2rem);padding-top:var(--global-kb-spacing-sm, 1.5rem);padding-bottom:var(--global-kb-spacing-sm, 1.5rem);grid-template-columns:minmax(0, 1fr);}.kb-row-layout-id611_2649b4-e9 > .kt-row-layout-overlay{opacity:0.30;}@media all and (max-width: 1024px){.kb-row-layout-id611_2649b4-e9 > .kt-row-column-wrap{grid-template-columns:minmax(0, 1fr);}}@media all and (max-width: 767px){.kb-row-layout-id611_2649b4-e9 > .kt-row-column-wrap{grid-template-columns:minmax(0, 1fr);}}<\/style><div class=\"kb-row-layout-wrap kb-row-layout-id611_2649b4-e9 alignnone wp-block-kadence-rowlayout\"><div class=\"kt-row-column-wrap kt-has-1-columns kt-row-layout-equal kt-tab-layout-inherit kt-mobile-layout-row kt-row-valign-top\">\n<style>.kadence-column611_f2913f-84 > .kt-inside-inner-col,.kadence-column611_f2913f-84 > .kt-inside-inner-col:before{border-top-left-radius:0px;border-top-right-radius:0px;border-bottom-right-radius:0px;border-bottom-left-radius:0px;}.kadence-column611_f2913f-84 > .kt-inside-inner-col{column-gap:var(--global-kb-gap-sm, 1rem);}.kadence-column611_f2913f-84 > .kt-inside-inner-col{flex-direction:column;}.kadence-column611_f2913f-84 > .kt-inside-inner-col > .aligncenter{width:100%;}.kadence-column611_f2913f-84 > .kt-inside-inner-col:before{opacity:0.3;}.kadence-column611_f2913f-84{position:relative;}@media all and (max-width: 1024px){.kadence-column611_f2913f-84 > .kt-inside-inner-col{flex-direction:column;justify-content:center;}}@media all and (max-width: 767px){.kadence-column611_f2913f-84 > .kt-inside-inner-col{flex-direction:column;justify-content:center;}}<\/style>\n<div class=\"wp-block-kadence-column kadence-column611_f2913f-84\"><div class=\"kt-inside-inner-col\"><style>.wp-block-kadence-advancedheading.kt-adv-heading611_993609-7e, .wp-block-kadence-advancedheading.kt-adv-heading611_993609-7e[data-kb-block=\"kb-adv-heading611_993609-7e\"]{text-align:center;font-style:normal;}.wp-block-kadence-advancedheading.kt-adv-heading611_993609-7e mark.kt-highlight, .wp-block-kadence-advancedheading.kt-adv-heading611_993609-7e[data-kb-block=\"kb-adv-heading611_993609-7e\"] mark.kt-highlight{font-style:normal;color:#f76a0c;-webkit-box-decoration-break:clone;box-decoration-break:clone;padding-top:0px;padding-right:0px;padding-bottom:0px;padding-left:0px;}.wp-block-kadence-advancedheading.kt-adv-heading611_993609-7e img.kb-inline-image, .wp-block-kadence-advancedheading.kt-adv-heading611_993609-7e[data-kb-block=\"kb-adv-heading611_993609-7e\"] img.kb-inline-image{width:150px;vertical-align:baseline;}<\/style>\n<h1 class=\"kt-adv-heading611_993609-7e wp-block-kadence-advancedheading\" data-kb-block=\"kb-adv-heading611_993609-7e\">Pol\u00edtica de privadesa<\/h1>\n\n\n<style>.wp-block-kadence-advancedheading.kt-adv-heading611_79cb05-96, .wp-block-kadence-advancedheading.kt-adv-heading611_79cb05-96[data-kb-block=\"kb-adv-heading611_79cb05-96\"]{font-style:normal;}.wp-block-kadence-advancedheading.kt-adv-heading611_79cb05-96 mark.kt-highlight, .wp-block-kadence-advancedheading.kt-adv-heading611_79cb05-96[data-kb-block=\"kb-adv-heading611_79cb05-96\"] mark.kt-highlight{font-style:normal;color:#f76a0c;-webkit-box-decoration-break:clone;box-decoration-break:clone;padding-top:0px;padding-right:0px;padding-bottom:0px;padding-left:0px;}.wp-block-kadence-advancedheading.kt-adv-heading611_79cb05-96 img.kb-inline-image, .wp-block-kadence-advancedheading.kt-adv-heading611_79cb05-96[data-kb-block=\"kb-adv-heading611_79cb05-96\"] img.kb-inline-image{width:150px;vertical-align:baseline;}<\/style>\n<p class=\"kt-adv-heading611_79cb05-96 wp-block-kadence-advancedheading\" data-kb-block=\"kb-adv-heading611_79cb05-96\">ANNA CARLA MAR\u00cdN COT garanteix la privadesa de les dades de car\u00e0cter personal aportades, segons el Reglament General de Protecci\u00f3 de Dades (RGPD).<br\/><br\/>La visita a aquesta p\u00e0gina web no suposa que l&#8217;usuari estigui obligat a facilitar cap informaci\u00f3 sobre si mateix, per\u00f2 durant la visita \u00e9s possible que se sol\u00b7licitin dades de car\u00e0cter personal a trav\u00e9s de formularis.<br\/><br\/>Aquestes dades seran incorporades a un fitxer responsabilitat d&#8217;ANNA CARLA MAR\u00cdN COT i seran utilitzades per a les seg\u00fcents finalitats; c ontestar les sol\u00b7licituds realitzades per la seva banda, per enviar-los informaci\u00f3 de la nostra empresa i els ervicis sol\u00b7licitats o oferts per qualsevol mitj\u00e0 de comunicaci\u00f3. Per donar compliment a les sol\u00b7licituds, l&#8217;interessat autoritza ANNA CARLA MAR\u00cdN COT a cedir les seves dades a les empreses associades o col\u00b7laboradores amb les quals hi ha contractes de prestaci\u00f3 de serveis relacionats amb l&#8217;activitat, com estipula la normativa vigent als articles 10, 11 i 12 del RGPD, amb la finalitat de prestar un servei adequat en base a les peticions realitzades per vost\u00e8. En enviar-nos aquest formulari, vost\u00e8 est\u00e0 acceptant expl\u00edcitament la recepci\u00f3 i tractament dels mateixos per a les finalitats expressades. Aquestes dades es cancel\u00b7laran a petici\u00f3 seva o una vegada satisfeta la finalitat per a la qual van ser recollides.<br\/><br\/><strong>Com exercitar els drets:<\/strong> Els usuaris poden adre\u00e7ar una comunicaci\u00f3 per escrit a ANNA CARLA MAR\u00cdN COT amb domicili al c\/ SEVERO OCHOA 12, 08950 ESPLUGUES DE LLOBREGAT, BARCELONA, oa l&#8217;adre\u00e7a de correu electr\u00f2nic <a href=\"mailto:RESTAURANTNINUS@HOTMAIL.ES\">RESTAURANTNINUS@HOTMAIL.ES<\/a> incloent-hi fotoc\u00f2pia del seu DNI o altre document identificatiu similar, per exercitar els seus drets, que s\u00f3n els seg\u00fcents:<\/p>\n\n\n<style>.wp-block-kadence-iconlist.kt-svg-icon-list-items611_f10b1a-ed:not(.this-stops-third-party-issues){margin-top:0px;margin-bottom:0px;}.wp-block-kadence-iconlist.kt-svg-icon-list-items611_f10b1a-ed ul.kt-svg-icon-list:not(.this-prevents-issues):not(.this-stops-third-party-issues):not(.tijsloc){margin-top:0px;margin-right:0px;margin-bottom:var(--global-kb-spacing-sm, 1.5rem);margin-left:0px;}.wp-block-kadence-iconlist.kt-svg-icon-list-items611_f10b1a-ed ul.kt-svg-icon-list{grid-row-gap:5px;}.wp-block-kadence-iconlist.kt-svg-icon-list-items611_f10b1a-ed ul.kt-svg-icon-list .kt-svg-icon-list-item-wrap .kt-svg-icon-list-single{margin-right:10px;}.kt-svg-icon-list-items611_f10b1a-ed ul.kt-svg-icon-list .kt-svg-icon-list-level-0 .kt-svg-icon-list-single svg{font-size:20px;}<\/style>\n<div class=\"wp-block-kadence-iconlist kt-svg-icon-list-items kt-svg-icon-list-items611_f10b1a-ed kt-svg-icon-list-columns-1 alignnone\"><ul class=\"kt-svg-icon-list\"><style>.kt-svg-icon-list-item-611_20a374-d6 .kt-svg-icon-list-text mark.kt-highlight{background-color:unset;font-style:normal;color:#f76a0c;-webkit-box-decoration-break:clone;box-decoration-break:clone;padding-top:0px;padding-right:0px;padding-bottom:0px;padding-left:0px;}<\/style>\n<li class=\"wp-block-kadence-listitem kt-svg-icon-list-item-wrap kt-svg-icon-list-item-611_20a374-d6\"><span class=\"kb-svg-icon-wrap kb-svg-icon-fe_chevronRight kt-svg-icon-list-single\"><svg viewBox=\"0 0 24 24\"  fill=\"none\" stroke=\"currentColor\" stroke-width=\"2\" stroke-linecap=\"round\" stroke-linejoin=\"round\" xmlns=\"http:\/\/www.w3.org\/2000\/svg\"  aria-hidden=\"true\"><polyline points=\"9 18 15 12 9 6\"\/><\/svg><\/span><span class=\"kt-svg-icon-list-text\">Dret a sol\u00b7licitar l&#8217;acc\u00e9s a les dades personals: podreu preguntar a ANNA CARLA MAR\u00cdN COT si aquesta empresa est\u00e0 tractant les vostres dades.<\/span><\/li>\n\n\n<style>.kt-svg-icon-list-item-611_414e99-70 .kt-svg-icon-list-text mark.kt-highlight{background-color:unset;font-style:normal;color:#f76a0c;-webkit-box-decoration-break:clone;box-decoration-break:clone;padding-top:0px;padding-right:0px;padding-bottom:0px;padding-left:0px;}<\/style>\n<li class=\"wp-block-kadence-listitem kt-svg-icon-list-item-wrap kt-svg-icon-list-item-611_414e99-70\"><span class=\"kb-svg-icon-wrap kb-svg-icon-fe_chevronRight kt-svg-icon-list-single\"><svg viewBox=\"0 0 24 24\"  fill=\"none\" stroke=\"currentColor\" stroke-width=\"2\" stroke-linecap=\"round\" stroke-linejoin=\"round\" xmlns=\"http:\/\/www.w3.org\/2000\/svg\"  aria-hidden=\"true\"><polyline points=\"9 18 15 12 9 6\"\/><\/svg><\/span><span class=\"kt-svg-icon-list-text\">Dret a sol\u00b7licitar-ne la rectificaci\u00f3 (en el cas que siguin incorrectes) o supressi\u00f3.<\/span><\/li>\n\n\n<style>.kt-svg-icon-list-item-611_2ab509-67 .kt-svg-icon-list-text mark.kt-highlight{background-color:unset;font-style:normal;color:#f76a0c;-webkit-box-decoration-break:clone;box-decoration-break:clone;padding-top:0px;padding-right:0px;padding-bottom:0px;padding-left:0px;}<\/style>\n<li class=\"wp-block-kadence-listitem kt-svg-icon-list-item-wrap kt-svg-icon-list-item-611_2ab509-67\"><span class=\"kb-svg-icon-wrap kb-svg-icon-fe_chevronRight kt-svg-icon-list-single\"><svg viewBox=\"0 0 24 24\"  fill=\"none\" stroke=\"currentColor\" stroke-width=\"2\" stroke-linecap=\"round\" stroke-linejoin=\"round\" xmlns=\"http:\/\/www.w3.org\/2000\/svg\"  aria-hidden=\"true\"><polyline points=\"9 18 15 12 9 6\"\/><\/svg><\/span><span class=\"kt-svg-icon-list-text\">Dret a sol\u00b7licitar la limitaci\u00f3 del seu tractament, cas en qu\u00e8 \u00fanicament seran conservats per ANNA CARLA MAR\u00cdN COT per a l&#8217;exercici o la defensa de reclamacions.<\/span><\/li>\n\n\n<style>.kt-svg-icon-list-item-611_d7502f-14 .kt-svg-icon-list-text mark.kt-highlight{background-color:unset;font-style:normal;color:#f76a0c;-webkit-box-decoration-break:clone;box-decoration-break:clone;padding-top:0px;padding-right:0px;padding-bottom:0px;padding-left:0px;}<\/style>\n<li class=\"wp-block-kadence-listitem kt-svg-icon-list-item-wrap kt-svg-icon-list-item-611_d7502f-14\"><span class=\"kb-svg-icon-wrap kb-svg-icon-fe_chevronRight kt-svg-icon-list-single\"><svg viewBox=\"0 0 24 24\"  fill=\"none\" stroke=\"currentColor\" stroke-width=\"2\" stroke-linecap=\"round\" stroke-linejoin=\"round\" xmlns=\"http:\/\/www.w3.org\/2000\/svg\"  aria-hidden=\"true\"><polyline points=\"9 18 15 12 9 6\"\/><\/svg><\/span><span class=\"kt-svg-icon-list-text\">Dret a oposar-se al tractament: ANNA CARLA MAR\u00cdN COT deixar\u00e0 de tractar les dades en la forma que indiqueu, llevat que per motius leg\u00edtims imperiosos o l&#8217;exercici o la defensa de possibles reclamacions s&#8217;hagin de seguir tractant.<\/span><\/li>\n\n\n<style>.kt-svg-icon-list-item-611_36608d-ee .kt-svg-icon-list-text mark.kt-highlight{background-color:unset;font-style:normal;color:#f76a0c;-webkit-box-decoration-break:clone;box-decoration-break:clone;padding-top:0px;padding-right:0px;padding-bottom:0px;padding-left:0px;}<\/style>\n<li class=\"wp-block-kadence-listitem kt-svg-icon-list-item-wrap kt-svg-icon-list-item-611_36608d-ee\"><span class=\"kb-svg-icon-wrap kb-svg-icon-fe_chevronRight kt-svg-icon-list-single\"><svg viewBox=\"0 0 24 24\"  fill=\"none\" stroke=\"currentColor\" stroke-width=\"2\" stroke-linecap=\"round\" stroke-linejoin=\"round\" xmlns=\"http:\/\/www.w3.org\/2000\/svg\"  aria-hidden=\"true\"><polyline points=\"9 18 15 12 9 6\"\/><\/svg><\/span><span class=\"kt-svg-icon-list-text\">Dret a la portabilitat de les dades: en cas que vulgui que les vostres dades siguin tractades per una altra signatura, ANNA CARLA MAR\u00cdN COT us facilitar\u00e0 la portabilitat de les vostres dades al nou responsable.<\/span><\/li>\n<\/ul><\/div>\n\n\n<style>.wp-block-kadence-advancedheading.kt-adv-heading611_12e977-1f, .wp-block-kadence-advancedheading.kt-adv-heading611_12e977-1f[data-kb-block=\"kb-adv-heading611_12e977-1f\"]{font-style:normal;}.wp-block-kadence-advancedheading.kt-adv-heading611_12e977-1f mark.kt-highlight, .wp-block-kadence-advancedheading.kt-adv-heading611_12e977-1f[data-kb-block=\"kb-adv-heading611_12e977-1f\"] mark.kt-highlight{font-style:normal;color:#f76a0c;-webkit-box-decoration-break:clone;box-decoration-break:clone;padding-top:0px;padding-right:0px;padding-bottom:0px;padding-left:0px;}.wp-block-kadence-advancedheading.kt-adv-heading611_12e977-1f img.kb-inline-image, .wp-block-kadence-advancedheading.kt-adv-heading611_12e977-1f[data-kb-block=\"kb-adv-heading611_12e977-1f\"] img.kb-inline-image{width:150px;vertical-align:baseline;}<\/style>\n<p class=\"kt-adv-heading611_12e977-1f wp-block-kadence-advancedheading\" data-kb-block=\"kb-adv-heading611_12e977-1f\"><strong>Possibilitat de retirar el consentiment: <\/strong>en cas que s&#8217;hagi atorgat el consentiment per a alguna finalitat espec\u00edfica, vost\u00e8 t\u00e9 dret a retirar el consentiment en qualsevol moment, sense que aix\u00f2 afecti la licitud del tractament basat en el consentiment previ a la seva retirada.<br\/><br\/><strong>Com reclamar davant l&#8217;Autoritat de Control: <\/strong>Si un usuari considera que hi ha un problema amb la manera com ANNA CARLA MAR\u00cdN COT est\u00e0 manejant les vostres dades, podeu adre\u00e7ar les vostres reclamacions a l&#8217;autoritat de protecci\u00f3 de dades que correspongui, sent l&#8217;Ag\u00e8ncia Espanyola de Protecci\u00f3 de dades la indicada en el cas d&#8217;Espanya.<br\/><br\/>La negativa a proporcionar les dades suposar\u00e0 la no-prestaci\u00f3 o la impossibilitat d&#8217;accedir al servei per als quals eren sol\u00b7licitats. Teniu dret a rebre resposta a qualsevol pregunta, consulta o aclariment que us sorgeixi derivada d&#8217;aquest formulari.<br\/><br\/>Les parts se sotmeten, a la seva elecci\u00f3, per a la resoluci\u00f3 dels conflictes i amb ren\u00fancia a qualsevol altre fur, als jutjats i tribunals del domicili del propietari del lloc web.<\/p>\n<\/div><\/div>\n\n<\/div><\/div>","protected":false},"excerpt":{"rendered":"<p>Pol\u00edtica de privadesa ANNA CARLA MAR\u00cdN COT garanteix la privadesa de les dades de car\u00e0cter personal aportades, segons el Reglament General de Protecci\u00f3 de Dades (RGPD). La visita a aquesta p\u00e0gina web no suposa que l&#8217;usuari estigui obligat a facilitar cap informaci\u00f3 sobre si mateix, per\u00f2 durant la visita \u00e9s possible que se sol\u00b7licitin dades&#8230;<\/p>\n","protected":false},"author":1,"featured_media":0,"parent":0,"menu_order":0,"comment_status":"closed","ping_status":"closed","template":"","meta":{"_acf_changed":false,"_kad_blocks_custom_css":"","_kad_blocks_head_custom_js":"","_kad_blocks_body_custom_js":"","_kad_blocks_footer_custom_js":"","_kad_post_transparent":"","_kad_post_title":"hide","_kad_post_layout":"default","_kad_post_sidebar_id":"","_kad_post_content_style":"unboxed","_kad_post_vertical_padding":"default","_kad_post_feature":"","_kad_post_feature_position":"","_kad_post_header":false,"_kad_post_footer":false,"_kad_post_classname":"","footnotes":""},"class_list":["post-615","page","type-page","status-publish","hentry"],"acf":[],"taxonomy_info":[],"featured_image_src_large":false,"author_info":{"display_name":"admin","author_link":"https:\/\/restaurantninus.es\/ca\/author\/empiezapori\/"},"comment_info":0,"_links":{"self":[{"href":"https:\/\/restaurantninus.es\/ca\/wp-json\/wp\/v2\/pages\/615","targetHints":{"allow":["GET"]}}],"collection":[{"href":"https:\/\/restaurantninus.es\/ca\/wp-json\/wp\/v2\/pages"}],"about":[{"href":"https:\/\/restaurantninus.es\/ca\/wp-json\/wp\/v2\/types\/page"}],"author":[{"embeddable":true,"href":"https:\/\/restaurantninus.es\/ca\/wp-json\/wp\/v2\/users\/1"}],"replies":[{"embeddable":true,"href":"https:\/\/restaurantninus.es\/ca\/wp-json\/wp\/v2\/comments?post=615"}],"version-history":[{"count":4,"href":"https:\/\/restaurantninus.es\/ca\/wp-json\/wp\/v2\/pages\/615\/revisions"}],"predecessor-version":[{"id":619,"href":"https:\/\/restaurantninus.es\/ca\/wp-json\/wp\/v2\/pages\/615\/revisions\/619"}],"wp:attachment":[{"href":"https:\/\/restaurantninus.es\/ca\/wp-json\/wp\/v2\/media?parent=615"}],"curies":[{"name":"wp","href":"https:\/\/api.w.org\/{rel}","templated":true}]}}