{"id":414,"date":"2024-06-13T10:20:52","date_gmt":"2024-06-13T08:20:52","guid":{"rendered":"https:\/\/restaurantninus.es\/declaracio-daccessibilitat\/"},"modified":"2024-06-27T13:41:39","modified_gmt":"2024-06-27T11:41:39","slug":"declaracio-daccessibilitat","status":"publish","type":"page","link":"https:\/\/restaurantninus.es\/ca\/declaracio-daccessibilitat\/","title":{"rendered":"Declaraci\u00f3 d&#8217;accessibilitat"},"content":{"rendered":"<style>.wp-block-kadence-advancedheading.kt-adv-heading234_0555d6-38, .wp-block-kadence-advancedheading.kt-adv-heading234_0555d6-38[data-kb-block=\"kb-adv-heading234_0555d6-38\"]{text-align:center;font-size:56px;line-height:1;font-style:normal;}.wp-block-kadence-advancedheading.kt-adv-heading234_0555d6-38 mark.kt-highlight, .wp-block-kadence-advancedheading.kt-adv-heading234_0555d6-38[data-kb-block=\"kb-adv-heading234_0555d6-38\"] mark.kt-highlight{font-style:normal;color:#f76a0c;-webkit-box-decoration-break:clone;box-decoration-break:clone;padding-top:0px;padding-right:0px;padding-bottom:0px;padding-left:0px;}.wp-block-kadence-advancedheading.kt-adv-heading234_0555d6-38 img.kb-inline-image, .wp-block-kadence-advancedheading.kt-adv-heading234_0555d6-38[data-kb-block=\"kb-adv-heading234_0555d6-38\"] img.kb-inline-image{width:150px;vertical-align:baseline;}<\/style>\n<h1 class=\"kt-adv-heading234_0555d6-38 wp-block-kadence-advancedheading\" data-kb-block=\"kb-adv-heading234_0555d6-38\">Declaraci\u00f3 d&#8217;accessibilitat<\/h1>\n<style>.kb-row-layout-id234_3ee8c3-db > .kt-row-column-wrap{align-content:start;}:where(.kb-row-layout-id234_3ee8c3-db > .kt-row-column-wrap) > .wp-block-kadence-column{justify-content:start;}.kb-row-layout-id234_3ee8c3-db > .kt-row-column-wrap{column-gap:var(--global-kb-gap-md, 2rem);row-gap:var(--global-kb-gap-md, 2rem);padding-top:var(--global-kb-spacing-sm, 1.5rem);padding-bottom:var(--global-kb-spacing-sm, 1.5rem);grid-template-columns:minmax(0, 1fr);}.kb-row-layout-id234_3ee8c3-db > .kt-row-layout-overlay{opacity:0.30;}@media all and (max-width: 1024px){.kb-row-layout-id234_3ee8c3-db > .kt-row-column-wrap{grid-template-columns:minmax(0, 1fr);}}@media all and (max-width: 767px){.kb-row-layout-id234_3ee8c3-db > .kt-row-column-wrap{grid-template-columns:minmax(0, 1fr);}}<\/style><div class=\"kb-row-layout-wrap kb-row-layout-id234_3ee8c3-db alignnone wp-block-kadence-rowlayout\"><div class=\"kt-row-column-wrap kt-has-1-columns kt-row-layout-equal kt-tab-layout-inherit kt-mobile-layout-row kt-row-valign-top\">\n<style>.kadence-column234_069301-e7 > .kt-inside-inner-col,.kadence-column234_069301-e7 > .kt-inside-inner-col:before{border-top-left-radius:0px;border-top-right-radius:0px;border-bottom-right-radius:0px;border-bottom-left-radius:0px;}.kadence-column234_069301-e7 > .kt-inside-inner-col{column-gap:var(--global-kb-gap-sm, 1rem);}.kadence-column234_069301-e7 > .kt-inside-inner-col{flex-direction:column;}.kadence-column234_069301-e7 > .kt-inside-inner-col > .aligncenter{width:100%;}.kadence-column234_069301-e7 > .kt-inside-inner-col:before{opacity:0.3;}.kadence-column234_069301-e7{position:relative;}@media all and (max-width: 1024px){.kadence-column234_069301-e7 > .kt-inside-inner-col{flex-direction:column;justify-content:center;}}@media all and (max-width: 767px){.kadence-column234_069301-e7 > .kt-inside-inner-col{flex-direction:column;justify-content:center;}}<\/style>\n<div class=\"wp-block-kadence-column kadence-column234_069301-e7\"><div class=\"kt-inside-inner-col\"><style>.wp-block-kadence-advancedheading.kt-adv-heading234_06a15c-ef, .wp-block-kadence-advancedheading.kt-adv-heading234_06a15c-ef[data-kb-block=\"kb-adv-heading234_06a15c-ef\"]{text-align:center;font-style:normal;}.wp-block-kadence-advancedheading.kt-adv-heading234_06a15c-ef mark.kt-highlight, .wp-block-kadence-advancedheading.kt-adv-heading234_06a15c-ef[data-kb-block=\"kb-adv-heading234_06a15c-ef\"] mark.kt-highlight{font-style:normal;color:#f76a0c;-webkit-box-decoration-break:clone;box-decoration-break:clone;padding-top:0px;padding-right:0px;padding-bottom:0px;padding-left:0px;}.wp-block-kadence-advancedheading.kt-adv-heading234_06a15c-ef img.kb-inline-image, .wp-block-kadence-advancedheading.kt-adv-heading234_06a15c-ef[data-kb-block=\"kb-adv-heading234_06a15c-ef\"] img.kb-inline-image{width:150px;vertical-align:baseline;}<\/style>\n<p class=\"kt-adv-heading234_06a15c-ef wp-block-kadence-advancedheading\" data-kb-block=\"kb-adv-heading234_06a15c-ef\"><em><strong>Ninus Restaurant<\/strong> s&#8217;ha comprom\u00e8s a fer accessible el vostre lloc web, de conformitat amb normativa WCAG 2.1 en mat\u00e8ria d&#8217;accessibilitat i que s&#8217;utilitza com a evid\u00e8ncia de la justificaci\u00f3 del criteri d&#8217;accessibilitat del Programa Kit Digital. Est\u00e0 estructurat conforme als annexos de la norma UNE-EN 301 549:2022.<br\/>Aquesta declaraci\u00f3 d&#8217;accessibilitat s&#8217;aplica al lloc web <\/em><a href=\"https:\/\/restaurantninus.es\/ca\/\" target=\"_blank\" rel=\"noreferrer noopener\">restaurantninus.es<\/a><\/p>\n<\/div><\/div>\n\n<\/div><\/div>","protected":false},"excerpt":{"rendered":"<p>Declaraci\u00f3 d&#8217;accessibilitat Ninus Restaurant s&#8217;ha comprom\u00e8s a fer accessible el vostre lloc web, de conformitat amb normativa WCAG 2.1 en mat\u00e8ria d&#8217;accessibilitat i que s&#8217;utilitza com a evid\u00e8ncia de la justificaci\u00f3 del criteri d&#8217;accessibilitat del Programa Kit Digital. Est\u00e0 estructurat conforme als annexos de la norma UNE-EN 301 549:2022.Aquesta declaraci\u00f3 d&#8217;accessibilitat s&#8217;aplica al lloc web&#8230;<\/p>\n","protected":false},"author":1,"featured_media":0,"parent":0,"menu_order":0,"comment_status":"closed","ping_status":"closed","template":"","meta":{"_acf_changed":false,"_kad_blocks_custom_css":"","_kad_blocks_head_custom_js":"","_kad_blocks_body_custom_js":"","_kad_blocks_footer_custom_js":"","_kad_post_transparent":"","_kad_post_title":"hide","_kad_post_layout":"","_kad_post_sidebar_id":"","_kad_post_content_style":"unboxed","_kad_post_vertical_padding":"","_kad_post_feature":"","_kad_post_feature_position":"","_kad_post_header":false,"_kad_post_footer":false,"_kad_post_classname":"","footnotes":""},"class_list":["post-414","page","type-page","status-publish","hentry"],"acf":[],"taxonomy_info":[],"featured_image_src_large":false,"author_info":{"display_name":"admin","author_link":"https:\/\/restaurantninus.es\/ca\/author\/empiezapori\/"},"comment_info":0,"_links":{"self":[{"href":"https:\/\/restaurantninus.es\/ca\/wp-json\/wp\/v2\/pages\/414","targetHints":{"allow":["GET"]}}],"collection":[{"href":"https:\/\/restaurantninus.es\/ca\/wp-json\/wp\/v2\/pages"}],"about":[{"href":"https:\/\/restaurantninus.es\/ca\/wp-json\/wp\/v2\/types\/page"}],"author":[{"embeddable":true,"href":"https:\/\/restaurantninus.es\/ca\/wp-json\/wp\/v2\/users\/1"}],"replies":[{"embeddable":true,"href":"https:\/\/restaurantninus.es\/ca\/wp-json\/wp\/v2\/comments?post=414"}],"version-history":[{"count":2,"href":"https:\/\/restaurantninus.es\/ca\/wp-json\/wp\/v2\/pages\/414\/revisions"}],"predecessor-version":[{"id":437,"href":"https:\/\/restaurantninus.es\/ca\/wp-json\/wp\/v2\/pages\/414\/revisions\/437"}],"wp:attachment":[{"href":"https:\/\/restaurantninus.es\/ca\/wp-json\/wp\/v2\/media?parent=414"}],"curies":[{"name":"wp","href":"https:\/\/api.w.org\/{rel}","templated":true}]}}